



{"id":6,"date":"2023-05-20T05:23:24","date_gmt":"2023-05-20T05:23:24","guid":{"rendered":"http:\/\/132.247.164.81\/?page_id=6"},"modified":"2023-10-19T16:26:38","modified_gmt":"2023-10-19T16:26:38","slug":"acerca-de-paul-leduc","status":"publish","type":"page","link":"https:\/\/acervoleduc.filmoteca.unam.mx\/?page_id=6","title":{"rendered":"Acerca de Paul Leduc"},"content":{"rendered":"<section class=\"wpb-content-wrapper\"><p>[vc_row css_animation=&#8221;&#8221; row_type=&#8221;row&#8221; use_row_as_full_screen_section=&#8221;yes&#8221; type=&#8221;full_width&#8221; angled_section=&#8221;no&#8221; text_align=&#8221;left&#8221; background_image_as_pattern=&#8221;without_pattern&#8221; full_width=&#8221;stretch_row_content_no_spaces&#8221; content_placement=&#8221;middle&#8221; css=&#8221;.vc_custom_1686010992186{background-position: center !important;background-repeat: no-repeat !important;background-size: cover !important;}&#8221; z_index=&#8221;&#8221;][vc_column][vc_separator type=&#8221;transparent&#8221;][vc_separator type=&#8221;transparent&#8221;][vc_row_inner row_type=&#8221;row&#8221; type=&#8221;full_width&#8221; text_align=&#8221;left&#8221; css_animation=&#8221;&#8221;][vc_column_inner width=&#8221;1\/2&#8243; css=&#8221;.vc_custom_1685739597258{padding-right: 30px !important;padding-left: 30px !important;}&#8221;][vc_column_text]<\/p>\n<h2>Paul Leduc<\/h2>\n<p>[\/vc_column_text][vc_empty_space][vc_column_text]<span style=\"font-weight: 400;\">Paul Leduc Rosenzweig naci\u00f3 en 1942 en la Ciudad de M\u00e9xico. Despu\u00e9s de estudiar arquitectura en la Universidad Nacional Aut\u00f3noma de M\u00e9xico (UNAM) y direcci\u00f3n teatral en el Taller de Artes Esc\u00e9nicas de Seki Sano, viaj\u00f3 a Francia para estudiar realizaci\u00f3n cinematogr\u00e1fica en el Instituto de Altos Estudios Cinematogr\u00e1ficos (IDHEC) de Par\u00eds. Durante sus a\u00f1os como estudiante de cine en Francia se desempe\u00f1\u00f3 como corresponsal y cr\u00edtico de cine para publicaciones peri\u00f3dicas mexicanas. A su regreso a M\u00e9xico se integr\u00f3 decididamente a la vida intelectual del pa\u00eds y al desarrollo de una nueva cultura cinematogr\u00e1fica. En ese \u00e1mbito, se dedic\u00f3 a la promoci\u00f3n y realizaci\u00f3n de cineclubes.<\/span><\/p>\n<p>&nbsp;<\/p>\n<p><span style=\"font-weight: 400;\">En 1968, mientras participaba como asistente de fotograf\u00eda para el proyecto f\u00edlmico de los Juegos Ol\u00edmpicos, realiz\u00f3, junto a Rafael Castaneo y Alexis Grivas, los Comunicados Cinematogr\u00e1ficos del Consejo Nacional de Huelga. Ese mismo a\u00f1o, junto al grupo Cine 70 (Veronique Godard, Alexis Grivas, Bertha Navarro, Rafael Castanedo y el propio Leduc), realiz\u00f3 el cortometraje <\/span><i><span style=\"font-weight: 400;\">Chiapas<\/span><\/i><span style=\"font-weight: 400;\"> y dos a\u00f1os m\u00e1s tarde trabaj\u00f3 como productor de <\/span><i><span style=\"font-weight: 400;\">M\u00e9xico, la Revoluci\u00f3n congelada<\/span><\/i><span style=\"font-weight: 400;\">, obra de Raymundo Gleyzer y pieza fundamental del cine pol\u00edtico latinoamericano.<\/span><\/p>\n<p>&nbsp;<\/p>\n<p><span style=\"font-weight: 400;\">En 1970 estren\u00f3 su primer largometraje, <\/span><i><span style=\"font-weight: 400;\">Reed, M\u00e9xico insurgente<\/span><\/i><span style=\"font-weight: 400;\"> (1970), cinta que le vali\u00f3 el premio Ariel a la mejor pel\u00edcula y el Premio George Sadoul del Festival de Cannes. En 1976 film\u00f3 su primer largometraje documental <\/span><i><span style=\"font-weight: 400;\">Etnocidio: notas sobre el Mezquital<\/span><\/i><span style=\"font-weight: 400;\">, cinta en la que muestra la forma en que el capitalismo internacional y el cacicazgo regional oprim\u00edan a las comunidades otom\u00edes del Valle del Mezquital. Adem\u00e1s de estos trabajos, durante la d\u00e9cada de los setenta realiz\u00f3 varios cortos documentales para la Benem\u00e9rita Universidad Aut\u00f3noma de Puebla, en los que dio cuenta de la efervescencia pol\u00edtica estudiantil de aquellos a\u00f1os. En 1980 entr\u00f3 en contacto con el F<\/span><span style=\"font-weight: 400;\">rente de Acci\u00f3n Popular Unificada\u00a0(FAPU), organizaci\u00f3n salvadore\u00f1a que durante los a\u00f1os setenta y ochenta luch\u00f3 por mejorar las condiciones sociales al interior de aquel pa\u00eds centroamericano. En alianza con esta organizaci\u00f3n, Leduc realiz\u00f3 el documental <\/span><i><span style=\"font-weight: 400;\">Historias prohibidas de Pulgarcito<\/span><\/i><span style=\"font-weight: 400;\"> (1980).<\/span>[\/vc_column_text][vc_empty_space height=&#8221;20px&#8221;][\/vc_column_inner][vc_column_inner width=&#8221;1\/2&#8243;][vc_single_image image=&#8221;3494&#8243; img_size=&#8221;full&#8221; alignment=&#8221;center&#8221; qode_css_animation=&#8221;&#8221;][\/vc_column_inner][\/vc_row_inner][vc_row_inner row_type=&#8221;row&#8221; type=&#8221;full_width&#8221; text_align=&#8221;left&#8221; css_animation=&#8221;&#8221;][vc_column_inner width=&#8221;1\/2&#8243; css=&#8221;.vc_custom_1685739597258{padding-right: 30px !important;padding-left: 30px !important;}&#8221;][vc_empty_space][vc_column_text]<span style=\"font-weight: 400;\">A principios de los a\u00f1os ochenta, Leduc volvi\u00f3 a la ficci\u00f3n; primero, con la filmaci\u00f3n de la serie <\/span><i><span style=\"font-weight: 400;\">La cabeza de la hidra<\/span><\/i><span style=\"font-weight: 400;\"> (1981), obra en cuatro cap\u00edtulos basada en la novela hom\u00f3nima de Carlos Fuentes; despu\u00e9s, con la realizaci\u00f3n<\/span><span style=\"font-weight: 400;\"> de <\/span><i><span style=\"font-weight: 400;\">Frida, naturaleza viva<\/span><\/i><span style=\"font-weight: 400;\"> e<\/span><span style=\"font-weight: 400;\">n 1983, cinta que le vali\u00f3 la obtenci\u00f3n de varios premios a nivel nacional e internacional y que pronto se convirti\u00f3 en uno de los principales referentes audiovisuales sobre la trayectoria de la aclamada pintora mexicana.<\/span><\/p>\n<p>&nbsp;<\/p>\n<p><span style=\"font-weight: 400;\">Tras esas realizaciones, durante la d\u00e9cada de los ochenta, Leduc desarroll\u00f3 sus obras m\u00e1s experimentales y explot\u00f3 ampliamente su propuesta de un cine centrado en la m\u00fasica. Tras realizar la serie televisiva <\/span><i><span style=\"font-weight: 400;\">Con la m\u00fasica por dentro<\/span><\/i><span style=\"font-weight: 400;\"> (1985), estren\u00f3 <\/span><i><span style=\"font-weight: 400;\">\u00bfC\u00f3mo ves?<\/span><\/i><span style=\"font-weight: 400;\"> (1986), sinfon\u00eda urbana que retrata la condici\u00f3n de marginalidad y de creatividad art\u00edstica de la Ciudad de M\u00e9xico en los a\u00f1os de entrada al neoliberalismo.<\/span> <span style=\"font-weight: 400;\">En los siguientes a\u00f1os, Leduc emprendi\u00f3 la filmaci\u00f3n de una trilog\u00eda musical compuesta por\u00a0<\/span><i><span style=\"font-weight: 400;\">Barroco<\/span><\/i><span style=\"font-weight: 400;\">\u00a0(1989), <\/span><i><span style=\"font-weight: 400;\">Latino bar<\/span><\/i><span style=\"font-weight: 400;\"> (1991) y <\/span><i><span style=\"font-weight: 400;\">Dollar mambo<\/span><\/i><span style=\"font-weight: 400;\"> (1993), cintas pr\u00e1cticamente carentes de di\u00e1logos y centradas en explorar el protagonismo de la m\u00fasica en la compleja historia de Am\u00e9rica Latina.<\/span><\/p>\n<p>&nbsp;<\/p>\n<p><span style=\"font-weight: 400;\">Durante los noventa, la labor cinematogr\u00e1fica de Leduc dio un giro radical y se centr\u00f3 en la realizaci\u00f3n de animaciones y cortos musicales dirigidos a las infancias. En cintas como <\/span><i><span style=\"font-weight: 400;\">Los animales<\/span><\/i><span style=\"font-weight: 400;\"> (1994) o <\/span><i><span style=\"font-weight: 400;\">La flauta de Bartolo<\/span><\/i><span style=\"font-weight: 400;\"> (1998), el cineasta explor\u00f3 en novedosos formatos la posibilidad de ofrecer al p\u00fablico infantil cine de calidad, alejado de las narrativas del cine comercial.<\/span><\/p>\n<p>&nbsp;<\/p>\n<p><span style=\"font-weight: 400;\">Tras varios a\u00f1os sin realizar largometrajes de ficci\u00f3n, Leduc present\u00f3 en 2006\u00a0<\/span><i><span style=\"font-weight: 400;\">Cobrador. In God We Trust<\/span><\/i><span style=\"font-weight: 400;\">. Esta cinta, inspirada en los cuentos de Rubem Fonseca, fue aclamada internacionalmente y le vali\u00f3 un \u00faltimo premio Ariel a la mejor adaptaci\u00f3n.<\/span><\/p>\n<p>&nbsp;<\/p>\n<p><span style=\"font-weight: 400;\">A lo largo de su vida, Paul Leduc combin\u00f3 su trabajo cinematogr\u00e1fico con una activa labor pol\u00edtica, tanto al interior del movimiento del Nuevo Cine Latinoamericano como en distintos espacios de la izquierda mexicana.<\/span><\/p>\n<p>&nbsp;<\/p>\n<p><span style=\"font-weight: 400;\">Paul Leduc falleci\u00f3 en la Ciudad de M\u00e9xico el 21 de octubre de 2020.<\/span>[\/vc_column_text][vc_empty_space height=&#8221;20px&#8221;][\/vc_column_inner][vc_column_inner width=&#8221;1\/2&#8243;][vc_single_image image=&#8221;16258&#8243; img_size=&#8221;full&#8221; alignment=&#8221;center&#8221; qode_css_animation=&#8221;&#8221;][\/vc_column_inner][\/vc_row_inner][\/vc_column][\/vc_row][vc_row css_animation=&#8221;&#8221; row_type=&#8221;row&#8221; use_row_as_full_screen_section=&#8221;no&#8221; type=&#8221;full_width&#8221; angled_section=&#8221;no&#8221; text_align=&#8221;left&#8221; background_image_as_pattern=&#8221;without_pattern&#8221;][vc_column][vc_empty_space][\/vc_column][\/vc_row]<\/p>\n<\/section>","protected":false},"excerpt":{"rendered":"<p>[vc_row css_animation=&#8221;&#8221; row_type=&#8221;row&#8221; use_row_as_full_screen_section=&#8221;yes&#8221; type=&#8221;full_width&#8221; angled_section=&#8221;no&#8221; text_align=&#8221;left&#8221; background_image_as_pattern=&#8221;without_pattern&#8221; full_width=&#8221;stretch_row_content_no_spaces&#8221; content_placement=&#8221;middle&#8221; css=&#8221;.vc_custom_1686010992186{background-position: center !important;background-repeat: no-repeat !important;background-size: cover !important;}&#8221; z_index=&#8221;&#8221;][vc_column][vc_separator type=&#8221;transparent&#8221;][vc_separator type=&#8221;transparent&#8221;][vc_row_inner row_type=&#8221;row&#8221; type=&#8221;full_width&#8221; text_align=&#8221;left&#8221; css_animation=&#8221;&#8221;][vc_column_inner width=&#8221;1\/2&#8243; css=&#8221;.vc_custom_1685739597258{padding-right: 30px !important;padding-left: 30px !important;}&#8221;][vc_column_text] Paul Leduc [\/vc_column_text][vc_empty_space][vc_column_text]Paul Leduc Rosenzweig naci\u00f3 en 1942 en la Ciudad de M\u00e9xico. Despu\u00e9s de&#8230;<\/p>\n","protected":false},"author":1,"featured_media":0,"parent":0,"menu_order":0,"comment_status":"closed","ping_status":"closed","template":"","meta":{"_acf_changed":false,"_monsterinsights_skip_tracking":false,"_monsterinsights_sitenote_active":false,"_monsterinsights_sitenote_note":"","_monsterinsights_sitenote_category":0,"footnotes":""},"class_list":["post-6","page","type-page","status-publish","hentry"],"acf":[],"_links":{"self":[{"href":"https:\/\/acervoleduc.filmoteca.unam.mx\/index.php?rest_route=\/wp\/v2\/pages\/6","targetHints":{"allow":["GET"]}}],"collection":[{"href":"https:\/\/acervoleduc.filmoteca.unam.mx\/index.php?rest_route=\/wp\/v2\/pages"}],"about":[{"href":"https:\/\/acervoleduc.filmoteca.unam.mx\/index.php?rest_route=\/wp\/v2\/types\/page"}],"author":[{"embeddable":true,"href":"https:\/\/acervoleduc.filmoteca.unam.mx\/index.php?rest_route=\/wp\/v2\/users\/1"}],"replies":[{"embeddable":true,"href":"https:\/\/acervoleduc.filmoteca.unam.mx\/index.php?rest_route=%2Fwp%2Fv2%2Fcomments&post=6"}],"version-history":[{"count":14,"href":"https:\/\/acervoleduc.filmoteca.unam.mx\/index.php?rest_route=\/wp\/v2\/pages\/6\/revisions"}],"predecessor-version":[{"id":32532,"href":"https:\/\/acervoleduc.filmoteca.unam.mx\/index.php?rest_route=\/wp\/v2\/pages\/6\/revisions\/32532"}],"wp:attachment":[{"href":"https:\/\/acervoleduc.filmoteca.unam.mx\/index.php?rest_route=%2Fwp%2Fv2%2Fmedia&parent=6"}],"curies":[{"name":"wp","href":"https:\/\/api.w.org\/{rel}","templated":true}]}}